{"id":86,"date":"2020-05-07T11:49:17","date_gmt":"2020-05-07T09:49:17","guid":{"rendered":"http:\/\/serwer1467439.home.pl\/niezapominajkaslupno.pl-wordpress\/?page_id=86"},"modified":"2025-08-04T10:35:15","modified_gmt":"2025-08-04T08:35:15","slug":"o-przedszkolu","status":"publish","type":"page","link":"https:\/\/niezapominajkaslupno.pl\/index.php\/o-przedszkolu\/","title":{"rendered":"Historia przedszkola"},"content":{"rendered":"\n<p><strong>Historia naszego przedszkola rozpoczyna si\u0119 2 stycznia 1987 roku. W wydzier\u017cawionym budynku przy ulicy \u015awierkowej 4 rozpocz\u0119\u0142o dzia\u0142alno\u015b\u0107 Pa\u0144stwowe Przedszkole w S\u0142upnie. W nowym przedszkolu powsta\u0142 oddzia\u0142 dla 32 dzieci.<\/strong><\/p>\n\n\n\n<p>Ca\u0142a spo\u0142eczno\u015b\u0107 przedszkolna z pani\u0105 dyrektor Halin\u0105 Matusiak, rzetelnie pracowa\u0142a, aby zdoby\u0107 zaufanie mieszka\u0144c\u00f3w i promowa\u0107 system wychowania przedszkolnego. Po 5 latach, kiedy podj\u0119to decyzj\u0119 o przeniesieniu siedziby Urz\u0119du Gminy z Borowiczek do S\u0142upna, dowiedziano si\u0119, \u017ce w nowym budynku przy ulicy Miszewskiej 8a znajdzie si\u0119 r\u00f3wnie\u017c miejsce dla przedszkola. 18 listopada 1992 roku ks. Biskup Zygmunt Kami\u0144ski dokona\u0142 uroczystego po\u015bwi\u0119cenia budynku Urz\u0119du Gminy oraz naszego ma\u0142ego, ale w\u0142asnego miejsca.<\/p>\n\n\n\n<p>Rok 2001 ko\u0144czy pewien etap w historii naszego przedszkola, Pani Halina Matusiak pierwsza Dyrektor Przedszkola odchodzi na zas\u0142u\u017con\u0105 emerytur\u0119, a jej stanowisko obejmuje Pani Ewa Sta\u0144czak, nauczyciel zwi\u0105zany z plac\u00f3wk\u0105 od pocz\u0105tku jej istnienia. Jest to tak\u017ce szczytowy okres rozwoju Gminy S\u0142upno. Pi\u0119kne po\u0142o\u017cenie i ciekawe tereny do zamieszkania&nbsp; sprawiaj\u0105, \u017ce wiele os\u00f3b si\u0119 tu przeprowadza. Nap\u0142yw nowych mieszka\u0144c\u00f3w i pojawiaj\u0105cy si\u0119 problem z brakiem miejsc w przedszkolu, obliguje w\u0142adze gminy do podj\u0119cia decyzji o budowie nowej siedziby przedszkola. W tym czasie w Szkole Podstawowej&nbsp; im. abp. Antoniego Juliana Nowowiejskiego powstaj\u0105 3 oddzia\u0142y przedszkolne. Nowi pracownicy powi\u0119kszaj\u0105, nieliczn\u0105 dot\u0105d spo\u0142eczno\u015b\u0107 przedszkoln\u0105.<\/p>\n\n\n\n<p>Kolejne lata przynosz\u0105 wiele rado\u015bci, a tak\u017ce i trosk zwi\u0105zanych z codzienn\u0105 prac\u0105. Przedszkole cieszy si\u0119 dobr\u0105 &nbsp;opini\u0105. Nauczyciele oraz personel staraj\u0105 si\u0119 pomimo nieudogodnie\u0144 lokalowych zapewni\u0107 wysoki poziom zar\u00f3wno edukacji, jak i bezpiecze\u0144stwa. W roku 2011 zako\u0144czono prace budowlane i przedszkole zosta\u0142o przeniesione do nowego budynku przy ulicy Ko\u015bcielnej 13. W tym czasie Rada Pedagogiczna wsp\u00f3lnie z Dyrektorem podejmuje uchwa\u0142\u0119 w sprawie nadania imienia. Samorz\u0105dowe Przedszkole w S\u0142upnie otrzyma\u0142o nazw\u0119 \u201eNiezapominajka\u201d.&nbsp; &nbsp;<\/p>\n\n\n\n<p>Nowoczesny budynek, cho\u0107 z pozoru niewielki, mie\u015bci w sobie 7 sal dydaktycznych, sal\u0119 gimnastyczn\u0105, dwie sale do zaj\u0119\u0107 indywidualnych, zaplecza gospodarcze, kuchni\u0119, magazyny, pok\u00f3j nauczycielski, sekretariat oraz gabinet dyrektora. Walorami nowego przedszkola s\u0105 przede wszystkim: korzystna lokalizacja, pi\u0119kne warunki terenowe, du\u017ce i jasne sale oraz doskona\u0142e warunki do zabawy i edukacji. &nbsp;Po pewnym czasie okazuje si\u0119 jednak, \u017ce ilo\u015b\u0107 dzieci ch\u0119tnych znacznie przewy\u017csza ilo\u015b\u0107 miejsc w przedszkolu, dlatego zostaj\u0105 podj\u0119te decyzj\u0119 o powstaniu oddzia\u0142\u00f3w zamiejscowych w budynkach&nbsp; szk\u00f3\u0142 podstawowych w Liszynie oraz w \u015awi\u0119cie\u0144cu. Tak oto, na przestrzeni lat, spo\u0142eczno\u015b\u0107 przedszkola powi\u0119ksza\u0142a si\u0119 i aktualnie liczy ponad 40 os\u00f3b.<\/p>\n\n\n\n<p>Pracownicy, zw\u0142aszcza pracuj\u0105cy od wielu lat s\u0105 \u015bwiadkami zmiany pokole\u0144. Cz\u0119sto widz\u0105 swoich wychowank\u00f3w, kt\u00f3rzy do przedszkola przyprowadzaj\u0105 w\u0142asne dzieci. Dzi\u0119ki r\u00f3\u017cnorodno\u015bci wiekowej pracownik\u00f3w, m\u0142odzi ludzie zaczynaj\u0105cy prac\u0119 maj\u0105 niesamowite wsparcie. Plac\u00f3wka bardzo pr\u0119\u017cnie rozwija si\u0119, wdra\u017cane s\u0105 pierwsze innowacje pedagogiczne i ciekawe programy edukacyjne. Zorganizowanie zaj\u0119\u0107 w &nbsp;Klubie Malucha dla przysz\u0142ych przedszkolak\u00f3w, staje si\u0119 pomys\u0142em na otwarcie pierwszego gminnego \u017c\u0142obka na terenie Gminy S\u0142upno.&nbsp;<\/p>\n\n\n\n<p>W roku 2016 Pani Ewa Sta\u0144czak po 15 latach ust\u0119puje ze stanowiska dyrektora i w Urz\u0119dzie Gminy odbywa si\u0119 konkurs na Dyrektora Samorz\u0105dowego Przedszkola \u201eNiezapominajka\u201d. Dyrektorem zostaje Pani Edyta Sobolewska c\u00f3rka pierwszego dyrektora przedszkola Pani Haliny Matusiak. Od pocz\u0105tku urz\u0119dowania Pani Edyta Sobolewska pe\u0142na zapa\u0142u sukcesywnie realizuje ciekawe pomys\u0142y. Kadra pedagogiczna bezustannie dokszta\u0142ca si\u0119 poszukuj\u0105c nowych metod i form pracy z dzie\u0107mi. Praca ca\u0142ego zespo\u0142u, na czele z dyrektorem opiera si\u0119 na wzajemnym szacunku, zaufaniu i wsp\u00f3\u0142pracy. W \u201eNiezapominajce\u201d uda\u0142o si\u0119 stworzy\u0107 bezpieczny bajkowy \u015bwiat, do kt\u00f3rego ka\u017cdy b\u0119dzie powraca\u0142 wspomnieniami\u2026<\/p>\n","protected":false},"excerpt":{"rendered":"<p>Historia naszego przedszkola rozpoczyna si\u0119 2 stycznia 1987 roku. W wydzier\u017cawionym budynku przy ulicy \u015awierkowej 4 rozpocz\u0119\u0142o dzia\u0142alno\u015b\u0107 Pa\u0144stwowe Przedszkole w S\u0142upnie. W nowym przedszkolu powsta\u0142 oddzia\u0142 dla 32 dzieci. Ca\u0142a spo\u0142eczno\u015b\u0107 przedszkolna z pani\u0105 dyrektor Halin\u0105 Matusiak, rzetelnie pracowa\u0142a, aby zdoby\u0107 zaufanie mieszka\u0144c\u00f3w i promowa\u0107 system wychowania przedszkolnego. Po 5 latach, kiedy podj\u0119to decyzj\u0119 &hellip; <\/p>\n<p class=\"link-more\"><a href=\"https:\/\/niezapominajkaslupno.pl\/index.php\/o-przedszkolu\/\" class=\"more-link\">Czytaj dalej<span class=\"screen-reader-text\"> Historia przedszkola<\/span><\/a><\/p>\n","protected":false},"author":1,"featured_media":0,"parent":0,"menu_order":0,"comment_status":"closed","ping_status":"closed","template":"","meta":{"footnotes":""},"class_list":["post-86","page","type-page","status-publish","hentry"],"_links":{"self":[{"href":"https:\/\/niezapominajkaslupno.pl\/index.php\/wp-json\/wp\/v2\/pages\/86","targetHints":{"allow":["GET"]}}],"collection":[{"href":"https:\/\/niezapominajkaslupno.pl\/index.php\/wp-json\/wp\/v2\/pages"}],"about":[{"href":"https:\/\/niezapominajkaslupno.pl\/index.php\/wp-json\/wp\/v2\/types\/page"}],"author":[{"embeddable":true,"href":"https:\/\/niezapominajkaslupno.pl\/index.php\/wp-json\/wp\/v2\/users\/1"}],"replies":[{"embeddable":true,"href":"https:\/\/niezapominajkaslupno.pl\/index.php\/wp-json\/wp\/v2\/comments?post=86"}],"version-history":[{"count":15,"href":"https:\/\/niezapominajkaslupno.pl\/index.php\/wp-json\/wp\/v2\/pages\/86\/revisions"}],"predecessor-version":[{"id":50609,"href":"https:\/\/niezapominajkaslupno.pl\/index.php\/wp-json\/wp\/v2\/pages\/86\/revisions\/50609"}],"wp:attachment":[{"href":"https:\/\/niezapominajkaslupno.pl\/index.php\/wp-json\/wp\/v2\/media?parent=86"}],"curies":[{"name":"wp","href":"https:\/\/api.w.org\/{rel}","templated":true}]}}