{"id":247,"date":"2020-05-26T00:03:27","date_gmt":"2020-05-25T22:03:27","guid":{"rendered":"http:\/\/serwer1467439.home.pl\/niezapominajkaslupno.pl-wordpress\/?page_id=247"},"modified":"2025-08-30T10:16:53","modified_gmt":"2025-08-30T08:16:53","slug":"grupa-sowki","status":"publish","type":"page","link":"https:\/\/niezapominajkaslupno.pl\/index.php\/grupa-sowki\/","title":{"rendered":"Grupa Czerwona"},"content":{"rendered":"\n<div class=\"wp-block-columns is-layout-flex wp-container-core-columns-is-layout-9d6595d7 wp-block-columns-is-layout-flex\">\n<div class=\"wp-block-column is-layout-flow wp-block-column-is-layout-flow\">\n<figure class=\"wp-block-image size-large\"><img loading=\"lazy\" decoding=\"async\" width=\"730\" height=\"649\" src=\"https:\/\/niezapominajkaslupno.pl\/wp-content\/uploads\/2023\/08\/KLEKS-czerwony.jpg\" alt=\"\" class=\"wp-image-29256\" srcset=\"https:\/\/niezapominajkaslupno.pl\/wp-content\/uploads\/2023\/08\/KLEKS-czerwony.jpg 730w, https:\/\/niezapominajkaslupno.pl\/wp-content\/uploads\/2023\/08\/KLEKS-czerwony-300x267.jpg 300w\" sizes=\"auto, (max-width: 730px) 100vw, 730px\" \/><\/figure>\n<\/div>\n\n\n\n<div class=\"wp-block-column is-layout-flow wp-block-column-is-layout-flow\">\n<p class=\"has-very-light-gray-color has-vivid-cyan-blue-background-color has-text-color has-background\"><strong>Wiek dzieci:<\/strong> 4, 5, 6-latki<\/p>\n\n\n\n<p class=\"has-very-light-gray-color has-vivid-red-background-color has-text-color has-background\"><strong>Ilo\u015b\u0107 dzieci:<\/strong> 18<\/p>\n\n\n\n<p class=\"has-very-light-gray-color has-luminous-vivid-orange-background-color has-text-color has-background\"><strong>Nauczyciele:<br><\/strong>mgr And\u017celika Bodal<br>mgr Joanna Zapendowska<\/p>\n<\/div>\n<\/div>\n\n\n\n<p><\/p>\n","protected":false},"excerpt":{"rendered":"<p>Wiek dzieci: 4, 5, 6-latki Ilo\u015b\u0107 dzieci: 18 Nauczyciele:mgr And\u017celika Bodalmgr Joanna Zapendowska<\/p>\n","protected":false},"author":1,"featured_media":0,"parent":0,"menu_order":0,"comment_status":"closed","ping_status":"closed","template":"","meta":{"footnotes":""},"class_list":["post-247","page","type-page","status-publish","hentry"],"_links":{"self":[{"href":"https:\/\/niezapominajkaslupno.pl\/index.php\/wp-json\/wp\/v2\/pages\/247","targetHints":{"allow":["GET"]}}],"collection":[{"href":"https:\/\/niezapominajkaslupno.pl\/index.php\/wp-json\/wp\/v2\/pages"}],"about":[{"href":"https:\/\/niezapominajkaslupno.pl\/index.php\/wp-json\/wp\/v2\/types\/page"}],"author":[{"embeddable":true,"href":"https:\/\/niezapominajkaslupno.pl\/index.php\/wp-json\/wp\/v2\/users\/1"}],"replies":[{"embeddable":true,"href":"https:\/\/niezapominajkaslupno.pl\/index.php\/wp-json\/wp\/v2\/comments?post=247"}],"version-history":[{"count":14,"href":"https:\/\/niezapominajkaslupno.pl\/index.php\/wp-json\/wp\/v2\/pages\/247\/revisions"}],"predecessor-version":[{"id":50663,"href":"https:\/\/niezapominajkaslupno.pl\/index.php\/wp-json\/wp\/v2\/pages\/247\/revisions\/50663"}],"wp:attachment":[{"href":"https:\/\/niezapominajkaslupno.pl\/index.php\/wp-json\/wp\/v2\/media?parent=247"}],"curies":[{"name":"wp","href":"https:\/\/api.w.org\/{rel}","templated":true}]}}