{"id":243,"date":"2020-05-26T00:02:51","date_gmt":"2020-05-25T22:02:51","guid":{"rendered":"http:\/\/serwer1467439.home.pl\/niezapominajkaslupno.pl-wordpress\/?page_id=243"},"modified":"2025-08-04T08:43:24","modified_gmt":"2025-08-04T06:43:24","slug":"grupa-promyczki","status":"publish","type":"page","link":"https:\/\/niezapominajkaslupno.pl\/index.php\/grupa-promyczki\/","title":{"rendered":"Grupa Zielona"},"content":{"rendered":"\n<div class=\"wp-block-columns is-layout-flex wp-container-core-columns-is-layout-9d6595d7 wp-block-columns-is-layout-flex\">\n<div class=\"wp-block-column is-layout-flow wp-block-column-is-layout-flow\">\n<figure class=\"wp-block-gallery has-nested-images columns-default is-cropped wp-block-gallery-1 is-layout-flex wp-block-gallery-is-layout-flex\">\n<figure class=\"wp-block-image size-large\"><img loading=\"lazy\" decoding=\"async\" width=\"850\" height=\"793\" data-id=\"29254\" src=\"https:\/\/niezapominajkaslupno.pl\/wp-content\/uploads\/2023\/08\/kolorowy-kleks-kolor-zielony-215993.jpg\" alt=\"\" class=\"wp-image-29254\" srcset=\"https:\/\/niezapominajkaslupno.pl\/wp-content\/uploads\/2023\/08\/kolorowy-kleks-kolor-zielony-215993.jpg 850w, https:\/\/niezapominajkaslupno.pl\/wp-content\/uploads\/2023\/08\/kolorowy-kleks-kolor-zielony-215993-300x280.jpg 300w, https:\/\/niezapominajkaslupno.pl\/wp-content\/uploads\/2023\/08\/kolorowy-kleks-kolor-zielony-215993-768x716.jpg 768w\" sizes=\"auto, (max-width: 706px) 89vw, (max-width: 767px) 82vw, 740px\" \/><\/figure>\n<\/figure>\n<\/div>\n\n\n\n<div class=\"wp-block-column is-layout-flow wp-block-column-is-layout-flow\">\n<p class=\"has-very-light-gray-color has-vivid-cyan-blue-background-color has-text-color has-background\"><strong>Wiek dzieci:<\/strong> 3,4,5- latki<\/p>\n\n\n\n<p class=\"has-very-light-gray-color has-vivid-red-background-color has-text-color has-background\"><strong>Ilo\u015b\u0107 dzieci:<\/strong> 25<\/p>\n\n\n\n<p class=\"has-very-light-gray-color has-luminous-vivid-orange-background-color has-text-color has-background\"><strong>Nauczyciele:<\/strong><br>mgr Beata Latowska<br>mgr Sylwia Wi\u0119cek- Jarz\u0105bkowska<\/p>\n<\/div>\n<\/div>\n","protected":false},"excerpt":{"rendered":"<p>Wiek dzieci: 3,4,5- latki Ilo\u015b\u0107 dzieci: 25 Nauczyciele:mgr Beata Latowskamgr Sylwia Wi\u0119cek- Jarz\u0105bkowska<\/p>\n","protected":false},"author":1,"featured_media":0,"parent":0,"menu_order":0,"comment_status":"closed","ping_status":"closed","template":"","meta":{"footnotes":""},"class_list":["post-243","page","type-page","status-publish","hentry"],"_links":{"self":[{"href":"https:\/\/niezapominajkaslupno.pl\/index.php\/wp-json\/wp\/v2\/pages\/243","targetHints":{"allow":["GET"]}}],"collection":[{"href":"https:\/\/niezapominajkaslupno.pl\/index.php\/wp-json\/wp\/v2\/pages"}],"about":[{"href":"https:\/\/niezapominajkaslupno.pl\/index.php\/wp-json\/wp\/v2\/types\/page"}],"author":[{"embeddable":true,"href":"https:\/\/niezapominajkaslupno.pl\/index.php\/wp-json\/wp\/v2\/users\/1"}],"replies":[{"embeddable":true,"href":"https:\/\/niezapominajkaslupno.pl\/index.php\/wp-json\/wp\/v2\/comments?post=243"}],"version-history":[{"count":11,"href":"https:\/\/niezapominajkaslupno.pl\/index.php\/wp-json\/wp\/v2\/pages\/243\/revisions"}],"predecessor-version":[{"id":50596,"href":"https:\/\/niezapominajkaslupno.pl\/index.php\/wp-json\/wp\/v2\/pages\/243\/revisions\/50596"}],"wp:attachment":[{"href":"https:\/\/niezapominajkaslupno.pl\/index.php\/wp-json\/wp\/v2\/media?parent=243"}],"curies":[{"name":"wp","href":"https:\/\/api.w.org\/{rel}","templated":true}]}}