{"id":233,"date":"2020-05-26T00:01:21","date_gmt":"2020-05-25T22:01:21","guid":{"rendered":"http:\/\/serwer1467439.home.pl\/niezapominajkaslupno.pl-wordpress\/?page_id=233"},"modified":"2025-08-04T08:40:42","modified_gmt":"2025-08-04T06:40:42","slug":"grupa-jezyki","status":"publish","type":"page","link":"https:\/\/niezapominajkaslupno.pl\/index.php\/grupa-jezyki\/","title":{"rendered":"Grupa Limonkowa"},"content":{"rendered":"\n<div class=\"wp-block-columns is-layout-flex wp-container-core-columns-is-layout-9d6595d7 wp-block-columns-is-layout-flex\">\n<div class=\"wp-block-column is-layout-flow wp-block-column-is-layout-flow\">\n<figure class=\"wp-block-gallery has-nested-images columns-default is-cropped wp-block-gallery-1 is-layout-flex wp-block-gallery-is-layout-flex\">\n<figure class=\"wp-block-image size-large\"><img loading=\"lazy\" decoding=\"async\" width=\"300\" height=\"292\" data-id=\"29271\" src=\"https:\/\/niezapominajkaslupno.pl\/wp-content\/uploads\/2023\/08\/limonka.jpg\" alt=\"\" class=\"wp-image-29271\"\/><\/figure>\n<\/figure>\n<\/div>\n\n\n\n<div class=\"wp-block-column is-layout-flow wp-block-column-is-layout-flow\">\n<p class=\"has-very-light-gray-color has-vivid-cyan-blue-background-color has-text-color has-background\"><strong>Wiek dzieci: <\/strong>5 latki<\/p>\n\n\n\n<p class=\"has-very-light-gray-color has-vivid-red-background-color has-text-color has-background\"><strong>Ilo\u015b\u0107 dzieci<\/strong>: 24<\/p>\n\n\n\n<p class=\"has-very-light-gray-color has-luminous-vivid-orange-background-color has-text-color has-background\"><strong>Nauczyciele:<\/strong><br>mgr Marlena Sz\u00f3stak<\/p>\n<\/div>\n<\/div>\n","protected":false},"excerpt":{"rendered":"<p>Wiek dzieci: 5 latki Ilo\u015b\u0107 dzieci: 24 Nauczyciele:mgr Marlena Sz\u00f3stak<\/p>\n","protected":false},"author":1,"featured_media":0,"parent":0,"menu_order":0,"comment_status":"closed","ping_status":"closed","template":"","meta":{"footnotes":""},"class_list":["post-233","page","type-page","status-publish","hentry"],"_links":{"self":[{"href":"https:\/\/niezapominajkaslupno.pl\/index.php\/wp-json\/wp\/v2\/pages\/233","targetHints":{"allow":["GET"]}}],"collection":[{"href":"https:\/\/niezapominajkaslupno.pl\/index.php\/wp-json\/wp\/v2\/pages"}],"about":[{"href":"https:\/\/niezapominajkaslupno.pl\/index.php\/wp-json\/wp\/v2\/types\/page"}],"author":[{"embeddable":true,"href":"https:\/\/niezapominajkaslupno.pl\/index.php\/wp-json\/wp\/v2\/users\/1"}],"replies":[{"embeddable":true,"href":"https:\/\/niezapominajkaslupno.pl\/index.php\/wp-json\/wp\/v2\/comments?post=233"}],"version-history":[{"count":15,"href":"https:\/\/niezapominajkaslupno.pl\/index.php\/wp-json\/wp\/v2\/pages\/233\/revisions"}],"predecessor-version":[{"id":50590,"href":"https:\/\/niezapominajkaslupno.pl\/index.php\/wp-json\/wp\/v2\/pages\/233\/revisions\/50590"}],"wp:attachment":[{"href":"https:\/\/niezapominajkaslupno.pl\/index.php\/wp-json\/wp\/v2\/media?parent=233"}],"curies":[{"name":"wp","href":"https:\/\/api.w.org\/{rel}","templated":true}]}}