{"id":227,"date":"2020-05-25T23:57:26","date_gmt":"2020-05-25T21:57:26","guid":{"rendered":"http:\/\/serwer1467439.home.pl\/niezapominajkaslupno.pl-wordpress\/?page_id=227"},"modified":"2025-08-31T20:53:44","modified_gmt":"2025-08-31T18:53:44","slug":"grupa-tygryski","status":"publish","type":"page","link":"https:\/\/niezapominajkaslupno.pl\/index.php\/grupa-tygryski\/","title":{"rendered":"Grupa Turkusowa"},"content":{"rendered":"\n<div class=\"wp-block-columns is-layout-flex wp-container-core-columns-is-layout-9d6595d7 wp-block-columns-is-layout-flex\">\n<div class=\"wp-block-column is-layout-flow wp-block-column-is-layout-flow\">\n<figure class=\"wp-block-image size-large\"><img loading=\"lazy\" decoding=\"async\" width=\"354\" height=\"333\" src=\"https:\/\/niezapominajkaslupno.pl\/wp-content\/uploads\/2023\/08\/turkus.png\" alt=\"\" class=\"wp-image-29259\" srcset=\"https:\/\/niezapominajkaslupno.pl\/wp-content\/uploads\/2023\/08\/turkus.png 354w, https:\/\/niezapominajkaslupno.pl\/wp-content\/uploads\/2023\/08\/turkus-300x282.png 300w\" sizes=\"auto, (max-width: 354px) 100vw, 354px\" \/><\/figure>\n<\/div>\n\n\n\n<div class=\"wp-block-column is-layout-flow wp-block-column-is-layout-flow\">\n<p class=\"has-very-light-gray-color has-vivid-cyan-blue-background-color has-text-color has-background\"><strong>Wiek dzieci:<\/strong> 3-4 latki<\/p>\n\n\n\n<p class=\"has-very-light-gray-color has-vivid-red-background-color has-text-color has-background\"><strong>Ilo\u015b\u0107 dzieci<\/strong>: 25<\/p>\n\n\n\n<p class=\"has-very-light-gray-color has-luminous-vivid-orange-background-color has-text-color has-background\"><strong>Nauczyciele:<\/strong><br>mgr Katarzyna Zawadka<br>mgr Stella Zieli\u0144ska<br><\/p>\n\n\n\n<p><\/p>\n<\/div>\n<\/div>\n","protected":false},"excerpt":{"rendered":"<p>Wiek dzieci: 3-4 latki Ilo\u015b\u0107 dzieci: 25 Nauczyciele:mgr Katarzyna Zawadkamgr Stella Zieli\u0144ska<\/p>\n","protected":false},"author":1,"featured_media":0,"parent":0,"menu_order":0,"comment_status":"closed","ping_status":"closed","template":"","meta":{"footnotes":""},"class_list":["post-227","page","type-page","status-publish","hentry"],"_links":{"self":[{"href":"https:\/\/niezapominajkaslupno.pl\/index.php\/wp-json\/wp\/v2\/pages\/227","targetHints":{"allow":["GET"]}}],"collection":[{"href":"https:\/\/niezapominajkaslupno.pl\/index.php\/wp-json\/wp\/v2\/pages"}],"about":[{"href":"https:\/\/niezapominajkaslupno.pl\/index.php\/wp-json\/wp\/v2\/types\/page"}],"author":[{"embeddable":true,"href":"https:\/\/niezapominajkaslupno.pl\/index.php\/wp-json\/wp\/v2\/users\/1"}],"replies":[{"embeddable":true,"href":"https:\/\/niezapominajkaslupno.pl\/index.php\/wp-json\/wp\/v2\/comments?post=227"}],"version-history":[{"count":15,"href":"https:\/\/niezapominajkaslupno.pl\/index.php\/wp-json\/wp\/v2\/pages\/227\/revisions"}],"predecessor-version":[{"id":50665,"href":"https:\/\/niezapominajkaslupno.pl\/index.php\/wp-json\/wp\/v2\/pages\/227\/revisions\/50665"}],"wp:attachment":[{"href":"https:\/\/niezapominajkaslupno.pl\/index.php\/wp-json\/wp\/v2\/media?parent=227"}],"curies":[{"name":"wp","href":"https:\/\/api.w.org\/{rel}","templated":true}]}}