{"id":200,"date":"2020-05-20T00:42:44","date_gmt":"2020-05-19T22:42:44","guid":{"rendered":"http:\/\/serwer1467439.home.pl\/niezapominajkaslupno.pl-wordpress\/?page_id=200"},"modified":"2025-08-04T08:41:15","modified_gmt":"2025-08-04T06:41:15","slug":"o-grupie","status":"publish","type":"page","link":"https:\/\/niezapominajkaslupno.pl\/index.php\/o-grupie\/","title":{"rendered":"Grupa Malinowa"},"content":{"rendered":"\n<div class=\"wp-block-columns is-layout-flex wp-container-core-columns-is-layout-9d6595d7 wp-block-columns-is-layout-flex\">\n<div class=\"wp-block-column is-layout-flow wp-block-column-is-layout-flow\">\n<figure class=\"wp-block-image size-large\"><img loading=\"lazy\" decoding=\"async\" width=\"850\" height=\"810\" src=\"https:\/\/niezapominajkaslupno.pl\/wp-content\/uploads\/2023\/08\/ruzova-farba-farebna-machula-216040.jpg\" alt=\"\" class=\"wp-image-29249\" srcset=\"https:\/\/niezapominajkaslupno.pl\/wp-content\/uploads\/2023\/08\/ruzova-farba-farebna-machula-216040.jpg 850w, https:\/\/niezapominajkaslupno.pl\/wp-content\/uploads\/2023\/08\/ruzova-farba-farebna-machula-216040-300x286.jpg 300w, https:\/\/niezapominajkaslupno.pl\/wp-content\/uploads\/2023\/08\/ruzova-farba-farebna-machula-216040-768x732.jpg 768w\" sizes=\"auto, (max-width: 706px) 89vw, (max-width: 767px) 82vw, 740px\" \/><\/figure>\n<\/div>\n\n\n\n<div class=\"wp-block-column is-layout-flow wp-block-column-is-layout-flow\">\n<p class=\"has-very-light-gray-color has-vivid-cyan-blue-background-color has-text-color has-background\"><strong>Wiek dzieci: <\/strong>6- latki<\/p>\n\n\n\n<p class=\"has-very-light-gray-color has-vivid-red-background-color has-text-color has-background\"><strong>Ilo\u015b\u0107 dzieci:<\/strong> 22<\/p>\n\n\n\n<p class=\"has-text-align-left has-very-light-gray-color has-luminous-vivid-orange-background-color has-text-color has-background\"><strong>Nauczyciele: <\/strong> <br>mgr And\u017celika Michalska<\/p>\n<\/div>\n<\/div>\n","protected":false},"excerpt":{"rendered":"<p>Wiek dzieci: 6- latki Ilo\u015b\u0107 dzieci: 22 Nauczyciele: mgr And\u017celika Michalska<\/p>\n","protected":false},"author":1,"featured_media":0,"parent":0,"menu_order":0,"comment_status":"closed","ping_status":"closed","template":"","meta":{"footnotes":""},"class_list":["post-200","page","type-page","status-publish","hentry"],"_links":{"self":[{"href":"https:\/\/niezapominajkaslupno.pl\/index.php\/wp-json\/wp\/v2\/pages\/200","targetHints":{"allow":["GET"]}}],"collection":[{"href":"https:\/\/niezapominajkaslupno.pl\/index.php\/wp-json\/wp\/v2\/pages"}],"about":[{"href":"https:\/\/niezapominajkaslupno.pl\/index.php\/wp-json\/wp\/v2\/types\/page"}],"author":[{"embeddable":true,"href":"https:\/\/niezapominajkaslupno.pl\/index.php\/wp-json\/wp\/v2\/users\/1"}],"replies":[{"embeddable":true,"href":"https:\/\/niezapominajkaslupno.pl\/index.php\/wp-json\/wp\/v2\/comments?post=200"}],"version-history":[{"count":19,"href":"https:\/\/niezapominajkaslupno.pl\/index.php\/wp-json\/wp\/v2\/pages\/200\/revisions"}],"predecessor-version":[{"id":50591,"href":"https:\/\/niezapominajkaslupno.pl\/index.php\/wp-json\/wp\/v2\/pages\/200\/revisions\/50591"}],"wp:attachment":[{"href":"https:\/\/niezapominajkaslupno.pl\/index.php\/wp-json\/wp\/v2\/media?parent=200"}],"curies":[{"name":"wp","href":"https:\/\/api.w.org\/{rel}","templated":true}]}}