{"id":162,"date":"2020-10-09T15:00:00","date_gmt":"2020-10-09T13:00:00","guid":{"rendered":"http:\/\/serwer1467439.home.pl\/niezapominajkaslupno.pl-wordpress\/?page_id=162"},"modified":"2026-04-17T10:51:28","modified_gmt":"2026-04-17T08:51:28","slug":"jadlospis","status":"publish","type":"page","link":"https:\/\/niezapominajkaslupno.pl\/index.php\/jadlospis\/","title":{"rendered":"Jad\u0142ospis"},"content":{"rendered":"\n<p><strong>Okres obowi\u0105zywania:<\/strong> 20.04-24.04.2026 r.<br><strong>Dieta:<\/strong>&nbsp;Podstawowa<\/p>\n\n\n\n<figure class=\"wp-block-image size-large\"><img loading=\"lazy\" decoding=\"async\" width=\"1024\" height=\"724\" src=\"https:\/\/niezapominajkaslupno.pl\/wp-content\/uploads\/2026\/04\/JadA\u201aospis-20.04-24.04.2026-1-1024x724.jpg\" alt=\"\" class=\"wp-image-56624\" srcset=\"https:\/\/niezapominajkaslupno.pl\/wp-content\/uploads\/2026\/04\/JadA\u201aospis-20.04-24.04.2026-1-1024x724.jpg 1024w, https:\/\/niezapominajkaslupno.pl\/wp-content\/uploads\/2026\/04\/JadA\u201aospis-20.04-24.04.2026-1-300x212.jpg 300w, https:\/\/niezapominajkaslupno.pl\/wp-content\/uploads\/2026\/04\/JadA\u201aospis-20.04-24.04.2026-1-768x543.jpg 768w, https:\/\/niezapominajkaslupno.pl\/wp-content\/uploads\/2026\/04\/JadA\u201aospis-20.04-24.04.2026-1-1536x1086.jpg 1536w, https:\/\/niezapominajkaslupno.pl\/wp-content\/uploads\/2026\/04\/JadA\u201aospis-20.04-24.04.2026-1.jpg 1754w\" sizes=\"auto, (max-width: 706px) 89vw, (max-width: 767px) 82vw, 740px\" \/><\/figure>\n\n\n\n<figure class=\"wp-block-image size-large is-resized\"><img loading=\"lazy\" decoding=\"async\" width=\"1024\" height=\"724\" src=\"https:\/\/niezapominajkaslupno.pl\/wp-content\/uploads\/2026\/03\/5110dca0-e1b8-4a9d-943d-897f125a4819-1-1024x724.jpg\" alt=\"\" class=\"wp-image-56074\" style=\"width:154px;height:auto\" srcset=\"https:\/\/niezapominajkaslupno.pl\/wp-content\/uploads\/2026\/03\/5110dca0-e1b8-4a9d-943d-897f125a4819-1-1024x724.jpg 1024w, https:\/\/niezapominajkaslupno.pl\/wp-content\/uploads\/2026\/03\/5110dca0-e1b8-4a9d-943d-897f125a4819-1-300x212.jpg 300w, https:\/\/niezapominajkaslupno.pl\/wp-content\/uploads\/2026\/03\/5110dca0-e1b8-4a9d-943d-897f125a4819-1-768x543.jpg 768w, https:\/\/niezapominajkaslupno.pl\/wp-content\/uploads\/2026\/03\/5110dca0-e1b8-4a9d-943d-897f125a4819-1-1536x1086.jpg 1536w, https:\/\/niezapominajkaslupno.pl\/wp-content\/uploads\/2026\/03\/5110dca0-e1b8-4a9d-943d-897f125a4819-1-2048x1448.jpg 2048w\" sizes=\"auto, (max-width: 706px) 89vw, (max-width: 767px) 82vw, 740px\" \/><\/figure>\n\n\n\n<div style=\"height:0px\" aria-hidden=\"true\" class=\"wp-block-spacer\"><\/div>\n\n\n\n<p><strong>* woda niegazowana jest dost\u0119pna dla dzieci na \u017c\u0105danie <\/strong><\/p>\n\n\n\n<div class=\"wp-block-file\"><a href=\"https:\/\/niezapominajkaslupno.pl\/wp-content\/uploads\/2024\/09\/rozporzadzenie_szkoly-1.pdf\">Rozporz\u0105dzenie Ministra Zdrowia<\/a><a href=\"https:\/\/niezapominajkaslupno.pl\/wp-content\/uploads\/2024\/09\/rozporzadzenie_szkoly-1.pdf\" class=\"wp-block-file__button wp-element-button\" download>Pobierz<\/a><\/div>\n\n\n\n<p><\/p>\n","protected":false},"excerpt":{"rendered":"<p>Okres obowi\u0105zywania: 20.04-24.04.2026 r.Dieta:&nbsp;Podstawowa * woda niegazowana jest dost\u0119pna dla dzieci na \u017c\u0105danie<\/p>\n","protected":false},"author":2,"featured_media":0,"parent":0,"menu_order":0,"comment_status":"closed","ping_status":"closed","template":"","meta":{"footnotes":""},"class_list":["post-162","page","type-page","status-publish","hentry"],"_links":{"self":[{"href":"https:\/\/niezapominajkaslupno.pl\/index.php\/wp-json\/wp\/v2\/pages\/162","targetHints":{"allow":["GET"]}}],"collection":[{"href":"https:\/\/niezapominajkaslupno.pl\/index.php\/wp-json\/wp\/v2\/pages"}],"about":[{"href":"https:\/\/niezapominajkaslupno.pl\/index.php\/wp-json\/wp\/v2\/types\/page"}],"author":[{"embeddable":true,"href":"https:\/\/niezapominajkaslupno.pl\/index.php\/wp-json\/wp\/v2\/users\/2"}],"replies":[{"embeddable":true,"href":"https:\/\/niezapominajkaslupno.pl\/index.php\/wp-json\/wp\/v2\/comments?post=162"}],"version-history":[{"count":553,"href":"https:\/\/niezapominajkaslupno.pl\/index.php\/wp-json\/wp\/v2\/pages\/162\/revisions"}],"predecessor-version":[{"id":56627,"href":"https:\/\/niezapominajkaslupno.pl\/index.php\/wp-json\/wp\/v2\/pages\/162\/revisions\/56627"}],"wp:attachment":[{"href":"https:\/\/niezapominajkaslupno.pl\/index.php\/wp-json\/wp\/v2\/media?parent=162"}],"curies":[{"name":"wp","href":"https:\/\/api.w.org\/{rel}","templated":true}]}}