{"id":152,"date":"2020-05-19T23:50:35","date_gmt":"2020-05-19T21:50:35","guid":{"rendered":"http:\/\/serwer1467439.home.pl\/niezapominajkaslupno.pl-wordpress\/?page_id=152"},"modified":"2020-05-19T23:50:35","modified_gmt":"2020-05-19T21:50:35","slug":"gimnastyka-korekcyjna","status":"publish","type":"page","link":"https:\/\/niezapominajkaslupno.pl\/index.php\/gimnastyka-korekcyjna\/","title":{"rendered":"Gimnastyka korekcyjna"},"content":{"rendered":"\n<p>Sylwetka dziecka zaczyna si\u0119 kszta\u0142towa\u0107 ju\u017c w brzuchu mamy. W pierwszych 3-4 miesi\u0105cach \u017cycia p\u0142odu powstaj\u0105 zal\u0105\u017cki uk\u0142adu kostnego. Czy b\u0119dzie on dostatecznie mocny, zale\u017cy to od mamy malca. Je\u015bli dba o siebie, dba te\u017c o swoje nienarodzone dziecko. Od pocz\u0105tku ci\u0105\u017cy powinna wi\u0119c: wypoczywa\u0107, gimnastykowa\u0107 si\u0119, du\u017co czasu sp\u0119dza\u0107 na \u015bwie\u017cym powietrzu, jada\u0107 warzywa, owoce, nabia\u0142 i ryby, bo w nich znajduj\u0105 si\u0119 korzystne dla rozwoju p\u0142odu witaminy oraz mikro- i makroelementy. Najwa\u017cniejsze to kwas foliowy (np. folik), witamina D3, jod (np. feminatal) oraz wap\u0144 (np. calcium D3).<\/p>\n\n\n\n<div class=\"wp-block-image\"><figure class=\"alignright is-resized\"><img loading=\"lazy\" decoding=\"async\" src=\"https:\/\/niezapominajkaslupno.pl\/images\/111.png\" alt=\"\" width=\"299\" height=\"464\"\/><\/figure><\/div>\n\n\n\n<p>Do najcz\u0119stszych wad postawy nale\u017c\u0105:<br>Skrzywienia kr\u0119gos\u0142upa &#8211; skolioza to boczne skrzywienie kr\u0119gos\u0142upa. Powstaje, gdy dziecko najszybciej ro\u015bnie, zwykle mi\u0119dzy 6. a 24. miesi\u0105cem \u017cycia, nast\u0119pnie mi\u0119dzy 5. a 8. oraz 11. a 14. rokiem \u017cycia. Objawy: gdy patrzymy na plecy dziecka z ty\u0142u, widzimy, \u017ce kr\u0119gos\u0142up nie tworzy linii prostej, ale wykrzywia si\u0119 w \u0142uki. Najbardziej widocznym sygna\u0142em skoliozy jest niesymetryczne u\u0142o\u017cenie \u0142opatek.<br>Plecy wkl\u0119s\u0142e &#8211;\u00a0 kr\u0119gos\u0142up jest wygi\u0119ty do przodu na odcinku l\u0119d\u017awiowym. Objawy: patrz\u0105c na profil dziecka, zauwa\u017camy, \u017ce ma ono wkl\u0119s\u0142e plecy i wystaj\u0105cy brzuch.<br>Plecy okr\u0105g\u0142e czyli nadmierne wygi\u0119cie kr\u0119gos\u0142upa w ty\u0142 na odcinku piersiowym. Objawy: dostrzegamy to, obserwuj\u0105c plecy lub profil dziecka. Kifoza to tzw. okr\u0105g\u0142e plecy, a nawet garb.<\/p>\n\n\n\n<p>Ko\u015blawo\u015b\u0107 kolan to wada, kt\u00f3rej dziecko ma wyra\u017anie krzywe nogi, uk\u0142adaj\u0105 si\u0119 one w kszta\u0142cie &#8222;X&#8221; &#8211; cho\u0107 kolana si\u0119 ze sob\u0105 swobodnie stykaj\u0105, kostki s\u0105 od siebie oddalone. przy z\u0142\u0105czonych i wyprostowanych kolanach, mi\u0119dzy kostkami przy\u015brodkowymi tworzy si\u0119 odst\u0119p powy\u017cej 4-5 cm. P\u0142askostopie to wada charakteryzuj\u0105c\u0105 si\u0119 obni\u017ceniem \u0142uk\u00f3w wysklepiaj\u0105cych stopy. Prawid\u0142owo zbudowana stopa dotyka pod\u0142o\u017ca trzema punktami: piet\u0105, g\u0142ow\u0105 pierwszej i g\u0142ow\u0105 pi\u0105tej ko\u015bci \u015br\u00f3dstopia. Mi\u0119dzy tymi punktami przebiegaj\u0105 g\u0142\u00f3wne \u0142uki stopy: pod\u0142u\u017cny przy\u015brodkowy, pod\u0142u\u017cny boczny i poprzeczny przedni. Ich obni\u017cenie prowadzi do p\u0142askostopia. U ma\u0142ych dzieci p\u0142askostopie jest fizjologi\u0105. Nale\u017cy si\u0119 martwi\u0107, je\u015bli dziecko \u201enie wyros\u0142o\u201d z niego do 4. roku \u017cycia jest wad\u0105.<\/p>\n\n\n\n<p><strong>Korekcja wad postawy<\/strong><\/p>\n\n\n\n<p><strong>PLECY OKR\u0104G\u0141E<\/strong><br>Zalecenia: ogl\u0105danie telewizji przez kilkana\u015bcie minut z lask\u0105 (gimnastyczn\u0105)\u00a0 trzyman\u0105 na plecach; s\u0142uchanie radia czy muzyki w pozycji le\u017c\u0105cej na plecach z ramionami odwiedzionymi w bok i ugi\u0119tymi w stawach \u0142okciowych, nogi ugi\u0119te skulnie;<br>Przeciwwskazania: nadmiar sk\u0142on\u00f3w w prz\u00f3d; podpory przodem o ramionach wyprostowanych; kr\u0105\u017cenia ramion w prz\u00f3d; stosowanie zbyt d\u0142ugo trwaj\u0105cych pozycji ze wzniesionymi do poziomu ramionami w prz\u00f3d;<br><\/p>\n\n\n\n<p><strong>Przyk\u0142adowe zabawy i \u0107wiczenia:<\/strong><\/p>\n\n\n\n<ul class=\"wp-block-list\"><li>\u00a0w siadzie skrzy\u017cnym, z plecami wyprostowanymi i g\u0142ow\u0105 uniesion\u0105 w g\u00f3r\u0119 (ma\u0142a maskotka w jednej r\u0119ce) &#8211; przeniesienie r\u0105k w ty\u0142, prze\u0142o\u017cenie maskotki z r\u0119ki do r\u0119ki jak najwy\u017cej za biodrami<\/li><li>w parze z mam\u0105 lub tat\u0105 w siadzie ugi\u0119tym plecami do siebie, r\u0119ce wyprostowane na dole podane partnerowi. Podnoszenie wyprostowanych r\u0105k w g\u00f3r\u0119, opust bokiem w d\u00f3\u0142<\/li><li>siad skulny podparty<\/li><li>Dotykanie kolanami pod\u0142o\u017ca wykonuj\u0105c skr\u0119t w biodrach w lewo i w prawo. Po kilku ruchach wznie\u015b\u0107 nogi do siadu r\u00f3wnowa\u017cnego i wytrzyma\u0107 t\u0105 pozycj\u0119 przez kilka sekund<\/li><li>kl\u0119k podparty, r\u0119ce ugi\u0119te, palce skierowane do \u015brodka, klatka piersiowa i g\u0142owa nisko nad pod\u0142og\u0105. Na\u015bladowanie w\u0119sz\u0105cych piesk\u00f3w, przej\u015bcie do wyznaczonego miejsca<\/li><li>le\u017cenie ty\u0142em, nogi ugi\u0119te, stopy oparte na pod\u0142odze. R\u0119ce w pozycji \u201eskrzyde\u0142ek\u201d le\u017c\u0105 na pod\u0142odze. Przyci\u0105ganie kolan do klatki piersiowej.<\/li><li>podp\u00f3r ty\u0142em z nogami ugi\u0119tymi, marsz \u201eraczk\u00f3w\u201d<\/li><li>podp\u00f3r le\u017c\u0105c przodem; mama chwyta za kostki i unosi ko\u0144czyny dolne dziecka. Post\u0119powanie w prz\u00f3d- \u201etaczki\u201d<\/li><\/ul>\n\n\n\n<p><strong>P\u0141ASKOSTOPIE<\/strong><br>Zalecenia: bieganie boso po nier\u00f3wnym, elastycznym pod\u0142o\u017cu (las, \u0142\u0105ka), a tak\u017ce po gor\u0105cym suchym piasku i \u017cwirze; ustawianie st\u00f3p w spos\u00f3b skorygowany: podczas siedzenia &#8211; stopy oparte o pod\u0142o\u017ce pod k\u0105tem prostym, napinanie mi\u0119\u015bni stopy bez odrywania\u00a0 palc\u00f3w od pod\u0142o\u017ca (to samo wykonuje si\u0119 w pozycji stoj\u0105cej).<\/p>\n\n\n\n<p>Przeciwwskazania: d\u0142ugotrwa\u0142e stanie we wszystkich sytuacjach i okoliczno\u015bciach; zeskoki i skoki na twardym nieelastycznym pod\u0142o\u017cu (skakanie przez skakank\u0119 lub gum\u0119 na betonie).<\/p>\n\n\n\n<p><strong>Przyk\u0142adowe zabawy i \u0107wiczenia:<\/strong><\/p>\n\n\n\n<ul class=\"wp-block-list\"><li>chodzenie z podkurczonymi palcami oraz z wysokim unoszeniem kolan i obci\u0105ganiem palc\u00f3w<\/li><li>chwytanie palcami st\u00f3p r\u00f3\u017cnych przedmiot\u00f3w: kamyczk\u00f3w, kasztan\u00f3w, \u017co\u0142\u0119dzi, koralik\u00f3w i podawanie ich sobie do r\u0119ki lub wrzucanie do pojemnika<\/li><li>chwyt gazety palcami st\u00f3p, pr\u00f3ba podarcia jej na mniejsze kawa\u0142ki<\/li><li>podwijanie kartki papieru lub rogu kocyka palcami stopy<\/li><li>toczenie pi\u0142ki po pod\u0142o\u017cu przy pomocy obu st\u00f3p lub jednej stopy<\/li><li>uderzanie naprzemianstronne palcami st\u00f3p w zgi\u0119ciu podeszwowym o pod\u0142o\u017ce \u2013\u201epada deszczyk\u201d<\/li><li>automasa\u017c stopy od strony podeszwowej zaci\u015bni\u0119t\u0105 pi\u0119\u015bci\u0105<\/li><\/ul>\n\n\n\n<p><strong>KO\u015aLAWO\u015a\u0106 KOLAN<\/strong><br>Zalecenia: p\u0142ywanie kraulem; jazda na rowerze; masa\u017c klasyczny; zredukowanie nadwagi (je\u015bli istnieje); cz\u0119ste siadanie w tzw. siadzie skrzy\u017cnym ( po turecku );<br>Przeciwwskazania: \u0142y\u017cwiarstwo, jada na nartach technikami k\u0105towymi (p\u0142ug, \u0142uk); w czasie zabawy przebywanie w siadzie kl\u0119cznym mi\u0119dzy pi\u0119tami, z podudziami i stopami skierowanymi na zewn\u0105trz; d\u0142ugotrwa\u0142e chodzenie oraz stanie w rozkroku;<br><\/p>\n\n\n\n<p><strong>Przyk\u0142adowe zabawy i \u0107wiczenia:<\/strong><\/p>\n\n\n\n<ul class=\"wp-block-list\"><li>siad skrzy\u017cny, r\u0119ce oparte na kolanach; spychanie kolan w d\u00f3\u0142<\/li><li>siad ugi\u0119ty podparty, klaskanie podeszwami st\u00f3p<\/li><li>podskoki z pi\u0142k\u0105 mi\u0119dzy kolanami<\/li><li>siad na krze\u015ble z wa\u0142eczkiem mi\u0119dzy kolanami, stopy zwi\u0105zane elastycznym banda\u017cem; prostowanie n\u00f3g w kolanach z utrzymaniem mi\u0119dzy nimi wa\u0142eczka<\/li><li>siad na krze\u015ble, taborecie, woreczek trzymany mi\u0119dzy kostkami przy\u015brodkowymi i kraw\u0119dzi\u0105 wewn\u0119trzn\u0105 st\u00f3p, prostowanie st\u00f3p w kolanach<\/li><\/ul>\n\n\n\n<p><em>opracowa\u0142a: Anna Modzelewska<\/em><\/p>\n","protected":false},"excerpt":{"rendered":"<p>Sylwetka dziecka zaczyna si\u0119 kszta\u0142towa\u0107 ju\u017c w brzuchu mamy. W pierwszych 3-4 miesi\u0105cach \u017cycia p\u0142odu powstaj\u0105 zal\u0105\u017cki uk\u0142adu kostnego. Czy b\u0119dzie on dostatecznie mocny, zale\u017cy to od mamy malca. Je\u015bli dba o siebie, dba te\u017c o swoje nienarodzone dziecko. Od pocz\u0105tku ci\u0105\u017cy powinna wi\u0119c: wypoczywa\u0107, gimnastykowa\u0107 si\u0119, du\u017co czasu sp\u0119dza\u0107 na \u015bwie\u017cym powietrzu, jada\u0107 warzywa, &hellip; <\/p>\n<p class=\"link-more\"><a href=\"https:\/\/niezapominajkaslupno.pl\/index.php\/gimnastyka-korekcyjna\/\" class=\"more-link\">Czytaj dalej<span class=\"screen-reader-text\"> Gimnastyka korekcyjna<\/span><\/a><\/p>\n","protected":false},"author":1,"featured_media":0,"parent":0,"menu_order":0,"comment_status":"closed","ping_status":"closed","template":"","meta":{"footnotes":""},"class_list":["post-152","page","type-page","status-publish","hentry"],"_links":{"self":[{"href":"https:\/\/niezapominajkaslupno.pl\/index.php\/wp-json\/wp\/v2\/pages\/152","targetHints":{"allow":["GET"]}}],"collection":[{"href":"https:\/\/niezapominajkaslupno.pl\/index.php\/wp-json\/wp\/v2\/pages"}],"about":[{"href":"https:\/\/niezapominajkaslupno.pl\/index.php\/wp-json\/wp\/v2\/types\/page"}],"author":[{"embeddable":true,"href":"https:\/\/niezapominajkaslupno.pl\/index.php\/wp-json\/wp\/v2\/users\/1"}],"replies":[{"embeddable":true,"href":"https:\/\/niezapominajkaslupno.pl\/index.php\/wp-json\/wp\/v2\/comments?post=152"}],"version-history":[{"count":1,"href":"https:\/\/niezapominajkaslupno.pl\/index.php\/wp-json\/wp\/v2\/pages\/152\/revisions"}],"predecessor-version":[{"id":153,"href":"https:\/\/niezapominajkaslupno.pl\/index.php\/wp-json\/wp\/v2\/pages\/152\/revisions\/153"}],"wp:attachment":[{"href":"https:\/\/niezapominajkaslupno.pl\/index.php\/wp-json\/wp\/v2\/media?parent=152"}],"curies":[{"name":"wp","href":"https:\/\/api.w.org\/{rel}","templated":true}]}}