{"id":132,"date":"2020-05-19T23:31:22","date_gmt":"2020-05-19T21:31:22","guid":{"rendered":"http:\/\/serwer1467439.home.pl\/niezapominajkaslupno.pl-wordpress\/?page_id=132"},"modified":"2025-08-04T08:34:49","modified_gmt":"2025-08-04T06:34:49","slug":"oferta-przedszkola","status":"publish","type":"page","link":"https:\/\/niezapominajkaslupno.pl\/index.php\/oferta-przedszkola\/","title":{"rendered":"Oferta przedszkola"},"content":{"rendered":"\n<p><strong>W roku szkolnym 2025\/2026 w Samorz\u0105dowym Przedszkolu \u201eNiezapominajka\u201d<br>w S\u0142upnie dla ch\u0119tnych dzieci (5, 6 \u2013 letnich) organizowane s\u0105 zaj\u0119cia dodatkowe. Zaj\u0119cia finansowane s\u0105 przez Gmin\u0119 S\u0142upno.<\/strong><\/p>\n\n\n\n<p>1.&nbsp;&nbsp;&nbsp;&nbsp;&nbsp;&nbsp;<strong>Taniec&nbsp;<\/strong>\u2013 zaj\u0119cia odbywaj\u0105 w ka\u017cdy wtorek w godz. 12<sup>30&nbsp;<\/sup>\u2013 13<sup>30<\/sup>.<\/p>\n\n\n\n<p>Zaj\u0119cia prowadzi&nbsp;<strong>Izabela Kadylak&nbsp;<\/strong>dyplomowany trener i nauczyciel ta\u0144ca World Dance and Dance Sport Council. S\u0119dzia najwy\u017cszych kategorii Polskiego Towarzystwa Tanecznego oraz Federacji Ta\u0144ca Sportowego. Z ogromn\u0105 pasj\u0105<br>i zaanga\u017cowaniem przekazuje swoje umiej\u0119tno\u015bci przedszkolakom.<\/p>\n\n\n\n<p>2.&nbsp;&nbsp;&nbsp;&nbsp;&nbsp;&nbsp;<strong>Koszyk\u00f3wk<\/strong>a &#8211; zaj\u0119cia odbywaj\u0105 si\u0119 w ka\u017cdy poniedzia\u0142ek w godz. 10<sup>00&nbsp;<\/sup>\u2013 10<sup>30<\/sup>.<\/p>\n\n\n\n<p>Zaj\u0119cia prowadzi&nbsp;<strong>Grzegorz Gomu\u0142ka<\/strong>&nbsp;&#8211; nauczyciel wychowania fizycznego, trener koszyk\u00f3wki oraz ratownik wodny. Poprzez zabaw\u0119 oswaja wychowank\u00f3w z pi\u0142k\u0105, rozwija sprawno\u015bci motoryczne i kszta\u0142tuje umiej\u0119tno\u015bci wsp\u00f3\u0142zawodnictwa oraz rywalizacji.<\/p>\n","protected":false},"excerpt":{"rendered":"<p>W roku szkolnym 2025\/2026 w Samorz\u0105dowym Przedszkolu \u201eNiezapominajka\u201dw S\u0142upnie dla ch\u0119tnych dzieci (5, 6 \u2013 letnich) organizowane s\u0105 zaj\u0119cia dodatkowe. Zaj\u0119cia finansowane s\u0105 przez Gmin\u0119 S\u0142upno. 1.&nbsp;&nbsp;&nbsp;&nbsp;&nbsp;&nbsp;Taniec&nbsp;\u2013 zaj\u0119cia odbywaj\u0105 w ka\u017cdy wtorek w godz. 1230&nbsp;\u2013 1330. Zaj\u0119cia prowadzi&nbsp;Izabela Kadylak&nbsp;dyplomowany trener i nauczyciel ta\u0144ca World Dance and Dance Sport Council. S\u0119dzia najwy\u017cszych kategorii Polskiego Towarzystwa Tanecznego &hellip; <\/p>\n<p class=\"link-more\"><a href=\"https:\/\/niezapominajkaslupno.pl\/index.php\/oferta-przedszkola\/\" class=\"more-link\">Czytaj dalej<span class=\"screen-reader-text\"> Oferta przedszkola<\/span><\/a><\/p>\n","protected":false},"author":1,"featured_media":0,"parent":0,"menu_order":0,"comment_status":"closed","ping_status":"closed","template":"","meta":{"footnotes":""},"class_list":["post-132","page","type-page","status-publish","hentry"],"_links":{"self":[{"href":"https:\/\/niezapominajkaslupno.pl\/index.php\/wp-json\/wp\/v2\/pages\/132","targetHints":{"allow":["GET"]}}],"collection":[{"href":"https:\/\/niezapominajkaslupno.pl\/index.php\/wp-json\/wp\/v2\/pages"}],"about":[{"href":"https:\/\/niezapominajkaslupno.pl\/index.php\/wp-json\/wp\/v2\/types\/page"}],"author":[{"embeddable":true,"href":"https:\/\/niezapominajkaslupno.pl\/index.php\/wp-json\/wp\/v2\/users\/1"}],"replies":[{"embeddable":true,"href":"https:\/\/niezapominajkaslupno.pl\/index.php\/wp-json\/wp\/v2\/comments?post=132"}],"version-history":[{"count":2,"href":"https:\/\/niezapominajkaslupno.pl\/index.php\/wp-json\/wp\/v2\/pages\/132\/revisions"}],"predecessor-version":[{"id":50586,"href":"https:\/\/niezapominajkaslupno.pl\/index.php\/wp-json\/wp\/v2\/pages\/132\/revisions\/50586"}],"wp:attachment":[{"href":"https:\/\/niezapominajkaslupno.pl\/index.php\/wp-json\/wp\/v2\/media?parent=132"}],"curies":[{"name":"wp","href":"https:\/\/api.w.org\/{rel}","templated":true}]}}